{"id":2051,"date":"2023-06-08T10:01:12","date_gmt":"2023-06-08T08:01:12","guid":{"rendered":"https:\/\/www.b2b-catalyst.ch\/?page_id=2051"},"modified":"2023-09-20T15:20:40","modified_gmt":"2023-09-20T13:20:40","slug":"privacy-policy","status":"publish","type":"page","link":"https:\/\/www.b2b-catalyst.ch\/en\/privacy-policy\/","title":{"rendered":"Privacy policy"},"content":{"rendered":"\r\n\r\n\r\n\r\n\r\n<h2 class=\"wp-block-heading\">Datenschutz<\/h2>\r\n\r\n\r\n\r\n<p>Die Betreiber dieser Seiten nehmen den Schutz Ihrer pers\u00f6nlichen Daten sehr ernst. Wir behandeln Ihre personenbezogenen Daten vertraulich und entsprechend der gesetzlichen Datenschutzvorschriften sowie dieser Datenschutzerkl\u00e4rung.<\/p>\r\n\r\n\r\n\r\n<p>Die Nutzung unserer Website ist in der Regel ohne Angabe personenbezogener Daten m\u00f6glich. Soweit auf unseren Seiten personenbezogene Daten (beispielsweise Name, Anschrift oder E-Mail-Adressen) erhoben werden, erfolgt dies, soweit m\u00f6glich, stets auf freiwilliger Basis. Diese Daten werden gem\u00e4ss dieser Datenschutzerkl\u00e4rung teilweise an Dritte weitergegeben.<\/p>\r\n\r\n\r\n\r\n<p>Wir weisen darauf hin, dass die Daten\u00fcbertragung im Internet (z.B. bei der Kommunikation per E-Mail) Sicherheitsl\u00fccken aufweisen kann. Ein l\u00fcckenloser Schutz der Daten vor dem Zugriff durch Dritte ist nicht m\u00f6glich.<\/p>\r\n\r\n\r\n\r\n<h2 class=\"wp-block-heading\">Cookies<\/h2>\r\n\r\n\r\n\r\n<p>Die Internetseiten verwenden teilweise so genannte Cookies. Cookies richten auf Ihrem Rechner keinen Schaden an und enthalten keine Viren. Cookies dienen dazu, unser Angebot nutzerfreundlicher, effektiver und sicherer zu machen. Cookies sind kleine Textdateien, die auf Ihrem Rechner abgelegt werden und die Ihr Browser speichert.<\/p>\r\n\r\n\r\n\r\n<p>Die meisten der von uns verwendeten Cookies sind so genannte \u201eSession-Cookies\u201c. Sie werden nach Ende Ihres Besuchs automatisch gel\u00f6scht. Andere Cookies bleiben auf Ihrem Endger\u00e4t gespeichert, bis Sie diese l\u00f6schen. Diese Cookies erm\u00f6glichen es uns, Ihren Browser beim n\u00e4chsten Besuch wiederzuerkennen.<\/p>\r\n\r\n\r\n\r\n<p>Sie k\u00f6nnen Ihren Browser so einstellen, dass Sie \u00fcber das Setzen von Cookies informiert werden und Cookies nur im Einzelfall erlauben, die Annahme von Cookies f\u00fcr bestimmte F\u00e4lle oder generell ausschlie\u00dfen sowie das automatische L\u00f6schen der Cookies beim Schlie\u00dfen des Browser aktivieren. Bei der Deaktivierung von Cookies kann die Funktionalit\u00e4t dieser Website eingeschr\u00e4nkt sein.<\/p>\r\n\r\n\r\n\r\n<h2 class=\"wp-block-heading\">Hosting Provider &amp; Server-LogFiles<\/h2>\r\n\r\n\r\n\r\n<p>Der Provider der Seiten erhebt und speichert automatisch Informationen in so genannten\u00a0Server-Log Files, die Ihr Browser automatisch an uns \u00fcbermittelt. Dies sind:<\/p>\r\n\r\n\r\n\r\n<ul class=\"wp-block-list\">\r\n<li>IP-Adresse<\/li>\r\n<li>Browsertyp und Browserversion<\/li>\r\n<li>verwendetes Betriebssystem<\/li>\r\n<li>Referrer URL<\/li>\r\n<li>Hostname des zugreifenden Rechners<\/li>\r\n<li>Uhrzeit der Serveranfrage<\/li>\r\n<\/ul>\r\n\r\n\r\n\r\n<p>Diese Daten sind nicht direkt bestimmten Personen zuordenbar. Eine Zusammenf\u00fchrung dieser Daten mit anderen Datenquellen wird nicht vorgenommen. Wir behalten uns vor, diese Daten nachtr\u00e4glich zu pr\u00fcfen, wenn uns konkrete Anhaltspunkte f\u00fcr eine rechtswidrige Nutzung bekannt\u00a0werden.<\/p>\r\n\r\n\r\n\r\n<p>Diese Daten sowie alle Daten dieser Website werden bei unserem Hosting-Provider Swizzonic AG, Stauffacher, Badenerstrasse 47, CH-8004 Z\u00fcrich gespeichert, deren Datenschutzerkl\u00e4rung Sie <a href=\"https:\/\/www.swizzonic.ch\/company\/legal\/privacy-richtlinien\/\" target=\"_blank\" rel=\"noreferrer noopener\">hier finden<\/a>.<\/p>\r\n\r\n\r\n\r\n<h2 class=\"wp-block-heading\">SSL-Verschl\u00fcsselung<\/h2>\r\n\r\n\r\n\r\n<p>Diese Seite nutzt aus Gr\u00fcnden der Sicherheit und zum Schutz der \u00dcbertragung vertraulicher Inhalte, wie zum Beispiel der Anfragen, die Sie an uns als Seitenbetreiber senden, eine <a href=\"https:\/\/8020webdesign.ch\/ssl-zertifikat-https-tls\/\" target=\"_blank\" rel=\"noopener\">SSL-Verschl\u00fcsselung<\/a>. Eine verschl\u00fcsselte Verbindung erkennen Sie daran, dass die Adresszeile des Browsers von &#8220;http:\/\/&#8221; auf &#8220;https:\/\/&#8221; wechselt und an dem Schloss-Symbol in Ihrer Browserzeile.<\/p>\r\n\r\n\r\n\r\n<p>Wenn die SSL Verschl\u00fcsselung aktiviert ist, k\u00f6nnen die Daten, die Sie an uns \u00fcbermitteln, nicht von Dritten mitgelesen werden.<\/p>\r\n\r\n\r\n\r\n<h2 class=\"wp-block-heading\">Kontaktformular<\/h2>\r\n\r\n\r\n\r\n<p>Wenn Sie uns per Kontaktformular Anfragen zukommen lassen, werden Ihre Angaben aus dem Anfrageformular inklusive der von Ihnen dort angegebenen Kontaktdaten inklusive IP-Adresse zwecks Bearbeitung der Anfrage und f\u00fcr den Fall von Anschlussfragen bei uns gespeichert. Diese Daten geben wir nicht ohne Ihre Einwilligung weiter.<\/p>\r\n\r\n\r\n\r\n<h2 class=\"wp-block-heading\">Kommentarfunktion<\/h2>\r\n\r\n\r\n\r\n<p>F\u00fcr die Kommentarfunktion auf dieser Seite werden neben Ihrem Kommentar auch Angaben zum Zeitpunkt der Erstellung des Kommentars, Ihre E-Mail-Adresse und, wenn Sie nicht anonym posten, der von Ihnen gew\u00e4hlte Nutzername gespeichert.<\/p>\r\n\r\n\r\n\r\n<p><strong>Gravatar<\/strong><\/p>\r\n\r\n\r\n\r\n<p>Gravatar ist ein Dienst von Automattic\u00a0Inc., dem Unternehmen hinter WordPress. Ihre IP- und E-Mail-Adresse werden an Automattic gesendet, um zu pr\u00fcfen ob Sie ein Gravatar Konto besitzen und allenfalls das in Ihrem Gravatar Konto hinterlegte Profilbild neben Ihrem Kommentar auf dieser Website anzuzeigen.<\/p>\r\n\r\n\r\n\r\n<p>Die Datenschutzbestimmungen von Automattic k\u00f6nnen Sie\u00a0<a href=\"https:\/\/automattic.com\/privacy\/\" target=\"_blank\" rel=\"noreferrer noopener\">hier einsehen<\/a>.<\/p>\r\n\r\n\r\n\r\n<p><strong>Speicherung der IP Adresse<\/strong><\/p>\r\n\r\n\r\n\r\n<p>Unsere Kommentarfunktion\u00a0speichert die IP-Adressen der Nutzer, die Kommentare verfassen. Da wir Kommentare auf unserer Seite nicht vor der Freischaltung pr\u00fcfen, ben\u00f6tigen wir diese Daten, um im Falle von Rechtsverletzungen wie Beleidigungen oder Propaganda gegen den Verfasser vorgehen zu k\u00f6nnen.<\/p>\r\n\r\n\r\n\r\n<h2>Google Fonts<\/h2>\r\n\r\n\r\n\r\n<p>Auf dieser Website werden Google Fonts genutzt. Gem\u00e4ss unseres Wissens werden dabei keine pers\u00f6nlichen Daten durch Google gespeichert.<\/p>\r\n\r\n\r\n\r\n<p>Dazu muss aber aus technischen Gr\u00fcnden Ihre IP-Adresse an Google \u00fcbermittelt werden, damit die Schriftarten an Ihren Browser \u00fcbertragen werden k\u00f6nnen.<\/p>\r\n\r\n\r\n\r\n<p>Mehr Informationen von Google zu Google Fonts k\u00f6nnen Sie\u00a0<a href=\"https:\/\/developers.google.com\/fonts\/faq#what_does_using_the_google_fonts_api_mean_for_the_privacy_of_my_users\" target=\"_blank\" rel=\"noreferrer noopener\">hier einsehen<\/a>.<\/p>\r\n\r\n\r\n\r\n\r\n\r\n<h2 class=\"wp-block-heading\">YouTube<\/h2>\r\n\r\n\r\n\r\n<p>Unsere Website nutzt Plugins der von Google betriebenen Seite YouTube. Betreiber der Seiten ist die YouTube, LLC, 901 Cherry Ave., San Bruno, CA 94066, USA. Wenn Sie eine unserer mit einem YouTube-Plugin ausgestatteten Seiten besuchen, wird eine Verbindung zu den Servern von YouTube hergestellt. Dabei wird dem Youtube-Server mitgeteilt, welche unserer Seiten Sie besucht haben.<\/p>\r\n\r\n\r\n\r\n<p>Wenn Sie in Ihrem YouTube-Account eingeloggt sind erm\u00f6glichen Sie YouTube, Ihr Surfverhalten direkt Ihrem pers\u00f6nlichen Profil zuzuordnen. Dies k\u00f6nnen Sie verhindern, indem Sie sich aus Ihrem YouTube-Account ausloggen.<\/p>\r\n\r\n\r\n\r\n<p>Weitere Informationen zum Umgang von Nutzerdaten finden Sie in der Datenschutzerkl\u00e4rung von YouTube unter: <a href=\"https:\/\/www.google.de\/intl\/de\/policies\/privacy\" target=\"_blank\" rel=\"noreferrer noopener\">https:\/\/www.google.de\/intl\/de\/policies\/privacy<\/a><\/p>\r\n\r\n\r\n\r\n<h2 class=\"wp-block-heading\">Recht auf Auskunft, L\u00f6schung, Sperrung<\/h2>\r\n\r\n\r\n\r\n<p>Sie haben jederzeit das Recht auf unentgeltliche Auskunft \u00fcber Ihre gespeicherten personenbezogenen Daten, deren Herkunft und Empf\u00e4nger und den Zweck der Datenverarbeitung sowie ein Recht auf Berichtigung, Sperrung oder L\u00f6schung dieser Daten. Hierzu sowie zu weiteren Fragen zum Thema personenbezogene Daten, respektive Datenverarbeitung k\u00f6nnen Sie sich jederzeit unter der im <a class=\"rank-math-link\" href=\"https:\/\/www.b2b-catalyst.ch\/impressum\/\">Impressum<\/a> angegebenen Adresse an uns wenden.<\/p>\r\n","protected":false},"excerpt":{"rendered":"<p>Datenschutz Die Betreiber dieser Seiten nehmen den Schutz Ihrer pers\u00f6nlichen Daten sehr ernst. Wir behandeln Ihre personenbezogenen Daten vertraulich und entsprechend der gesetzlichen Datenschutzvorschriften sowie dieser Datenschutzerkl\u00e4rung. Die Nutzung unserer Website ist in der Regel ohne Angabe personenbezogener Daten m\u00f6glich. Soweit auf unseren Seiten personenbezogene Daten (beispielsweise Name, Anschrift oder E-Mail-Adressen) erhoben werden, erfolgt dies, [&hellip;]<\/p>\n","protected":false},"author":1,"featured_media":0,"parent":0,"menu_order":0,"comment_status":"closed","ping_status":"open","template":"one-page-template.php","meta":{"om_disable_all_campaigns":false,"_monsterinsights_skip_tracking":false,"_monsterinsights_sitenote_active":false,"_monsterinsights_sitenote_note":"","_monsterinsights_sitenote_category":0,"_uf_show_specific_survey":0,"_uf_disable_surveys":false,"footnotes":""},"class_list":["post-2051","page","type-page","status-publish","hentry"],"aioseo_notices":[],"_links":{"self":[{"href":"https:\/\/www.b2b-catalyst.ch\/en\/wp-json\/wp\/v2\/pages\/2051","targetHints":{"allow":["GET"]}}],"collection":[{"href":"https:\/\/www.b2b-catalyst.ch\/en\/wp-json\/wp\/v2\/pages"}],"about":[{"href":"https:\/\/www.b2b-catalyst.ch\/en\/wp-json\/wp\/v2\/types\/page"}],"author":[{"embeddable":true,"href":"https:\/\/www.b2b-catalyst.ch\/en\/wp-json\/wp\/v2\/users\/1"}],"replies":[{"embeddable":true,"href":"https:\/\/www.b2b-catalyst.ch\/en\/wp-json\/wp\/v2\/comments?post=2051"}],"version-history":[{"count":8,"href":"https:\/\/www.b2b-catalyst.ch\/en\/wp-json\/wp\/v2\/pages\/2051\/revisions"}],"predecessor-version":[{"id":2251,"href":"https:\/\/www.b2b-catalyst.ch\/en\/wp-json\/wp\/v2\/pages\/2051\/revisions\/2251"}],"wp:attachment":[{"href":"https:\/\/www.b2b-catalyst.ch\/en\/wp-json\/wp\/v2\/media?parent=2051"}],"curies":[{"name":"wp","href":"https:\/\/api.w.org\/{rel}","templated":true}]}}